{"id":13,"date":"2020-07-17T09:52:11","date_gmt":"2020-07-17T12:52:11","guid":{"rendered":"http:\/\/mulheresacesta.com.br\/?page_id=13"},"modified":"2021-03-30T18:30:06","modified_gmt":"2021-03-30T21:30:06","slug":"o-livro","status":"publish","type":"page","link":"https:\/\/mulheresacesta.com.br\/en\/o-livro\/","title":{"rendered":"O Livro"},"content":{"rendered":"\n<p>A presen\u00e7a das brasileiras no esporte se d\u00e1 concomitante ao in\u00edcio desta pr\u00e1tica em nosso pa\u00eds. Essa afirma\u00e7\u00e3o pode parecer exagerada, mas n\u00e3o \u00e9. As mulheres sempre estiveram envolvidas com esta pr\u00e1tica cultural, a despeito da aus\u00eancia de registros e de reconhecimento. Inicialmente como observadoras, sobretudo em modalidades contraindicadas para seu sexo, gradativamente elas foram ocupando espa\u00e7os nos campos, quadras, gin\u00e1sios, piscinas e tatames, fazendo ver que o esporte tamb\u00e9m \u00e9 seu. <br><br>Tal refer\u00eancia implica afirmar que se hoje podemos identificar atletas, treinadoras, \u00e1rbitras, torcedoras, jornalistas, gestoras, \u00e9 porque uma infinidade de mulheres lutou \u2013 e muito \u2013 para que o esporte figurasse no seu horizonte de possibilidades. Para nele adentrar e permanecer, enfrentaram e continuam enfrentando uma s\u00e9rie de desafios, evidenciando o quanto seu acontecer \u00e9 atravessado pela iniquidade de g\u00eanero. &nbsp;<\/p>\n\n\n\n<p>As jogadoras que circulam nas p\u00e1ginas de <em>Mulheres \u00e0 Cesta<\/em> exemplificam esta afirma\u00e7\u00e3o. Ao serem aqui rememoradas, tornam vis\u00edveis muitos dos enfrentamentos que vivenciaram para que pudessem estar no basquetebol e nele pudessem viver seus desejos, sonhos e realiza\u00e7\u00f5es. Sob a condu\u00e7\u00e3o atenta e sens\u00edvel de Claudia Guedes, a escrita deste livro desvela fragmentos de um cen\u00e1rio complexo e heterog\u00eaneo. Ao analisar aspectos relacionados \u00e0 hist\u00f3ria do basquetebol, a autora focaliza hist\u00f3rias que a hist\u00f3ria oficial n\u00e3o contou e n\u00e3o registrou. Hist\u00f3rias que atestam o protagonismo de mulheres que, de outra forma, seriam ignoradas, e cujos detalhes estavam circunscritos em suas mem\u00f3ria e seus afetos. Por meio de uma narrativa fluida e teoricamente fundamentada, Claudia apresenta o pioneirismo de mulheres que desafiaram seu tempo e marcaram de forma indel\u00e9vel a hist\u00f3ria do esporte brasileiro.<\/p>\n\n\n\n<p>Fruto de uma pesquisa realizada em acervos, banco de dados, centros de documenta\u00e7\u00e3o, clubes, associa\u00e7\u00f5es, jornais e revistas, o livro passeia por temas distintos, mas n\u00e3o dissonantes. Nele encontramos informa\u00e7\u00f5es sobre a cria\u00e7\u00e3o do basquetebol, a inser\u00e7\u00e3o das mulheres, os seus prim\u00f3rdios <br>em terras brasileiras, a cria\u00e7\u00e3o de clubes e competi\u00e7\u00f5es, a sele\u00e7\u00e3o nacional, as mulheres na sele\u00e7\u00e3o, a fala delas, elas. <em>Mulheres \u00e0 Cesta<\/em> \u00e9 tecido nas urdiduras da trama hist\u00f3rica. \u00c9 um livro que faz hist\u00f3ria e que tem hist\u00f3ria.<\/p>\n\n\n\n<p>Publicado originalmente em 2009, o livro se transformou em uma refer\u00eancia. In\u00e9dito em seu tempo, desempenhou um papel importante na compila\u00e7\u00e3o e produ\u00e7\u00e3o de fontes sobre o basquetebol, mais especificamente, o basquetebol praticado pelas mulheres. Se a op\u00e7\u00e3o por esta tem\u00e1tica contribuiu para a historiografia do esporte, a decis\u00e3o de ouvir as protagonistas da hist\u00f3ria que narrava foi extremamente pertinente. Ao privilegiar a oralidade como fonte, Claudia Guedes conferiu ao seu livro outra dimens\u00e3o: deixou de ser sobre as <em>Mulheres \u00e0 Cesta<\/em> e passou a ser com as <em>Mulheres \u00e0 Cesta<\/em>.<\/p>\n\n\n\n<p>As quatorze basquetebolistas falam de si e do contexto que vivenciaram. Seus relatos contundentes e sens\u00edveis s\u00e3o articulados pela escrita tamb\u00e9m sens\u00edvel da autora, cuja narrativa instiga nossa imagina\u00e7\u00e3o sobre um tempo que n\u00e3o vivemos. As trajet\u00f3rias aqui descritas revelam percursos individuais e ao mesmo tempo coletivos, visto que referenciam aspectos culturais historicamente produzidos, os quais sub-representaram a mulher no contexto esportivo. Os preconceitos, os enfrentamentos, os limites, as frustra\u00e7\u00f5es que ecoam em suas vozes mostram-se necess\u00e1rios para entender que sua presen\u00e7a no esporte n\u00e3o foi uma concess\u00e3o, mas fruto de luta pelo direito de pertencer, se expressar e viver.&nbsp;<\/p>\n\n\n\n<p>Passados mais de dez anos de sua publica\u00e7\u00e3o, <em>Mulheres \u00e0 Cesta<\/em> volta \u00e0 cena por meio de outros suportes. Se em 2009 a publica\u00e7\u00e3o foi em papel, hoje o formato e-book possibilita maior circula\u00e7\u00e3o e divulga\u00e7\u00e3o. Sua nova edi\u00e7\u00e3o adere ao movimento de acesso livre \u00e0 informa\u00e7\u00e3o cient\u00edfica. Para tanto, a autora fez uso das tecnologias de informa\u00e7\u00e3o e comunica\u00e7\u00e3o implementando, inclusive, uma plataforma digital para disseminar seu conte\u00fado, assim como outros relacionados ao tema. Al\u00e9m disso, seu conte\u00fado ancora o filme hom\u00f4nimo, dirigido por Silvia Spolidoro, com produ\u00e7\u00e3o de Hellen Suque.<\/p>\n\n\n\n<p>Esses desdobramentos indicam o quanto o livro \u00e9 atual. <em>Mulheres \u00e0 Cesta<\/em> \u00e9 o mesmo e, simultaneamente, outro. O e-book, a plataforma digital e o filme ampliam significativamente a visibilidade do basquete nacional, enfatizando que a participa\u00e7\u00e3o das mulheres foi e \u00e9 imprescind\u00edvel para seu desenvolvimento e estrutura\u00e7\u00e3o. Nesse sentido, al\u00e9m de pedag\u00f3gico, <em>Mulheres \u00e0 Cesta <\/em>\u00e9 pol\u00edtico<em>. <\/em>Deliciem-se com sua leitura, assim como eu o fiz!<\/p>\n\n\n\n<p>Silvana Goellner (Pref\u00e1cio 2a Edi\u00e7\u00e3o E-book)<\/p>\n\n\n\n<hr class=\"wp-block-separator\"\/>\n\n\n\n<p><\/p>\n","protected":false},"excerpt":{"rendered":"<p>A presen\u00e7a das brasileiras no esporte se d\u00e1 concomitante ao in\u00edcio desta pr\u00e1tica em nosso pa\u00eds. Essa afirma\u00e7\u00e3o pode parecer exagerada, mas n\u00e3o \u00e9. As mulheres sempre estiveram envolvidas com esta pr\u00e1tica cultural, a despeito da aus\u00eancia de registros e de reconhecimento. Inicialmente como observadoras, sobretudo em modalidades contraindicadas para seu sexo, gradativamente elas foram [&hellip;]<\/p>\n","protected":false},"author":1,"featured_media":123,"parent":0,"menu_order":3,"comment_status":"closed","ping_status":"closed","template":"","meta":{"footnotes":""},"class_list":["post-13","page","type-page","status-publish","has-post-thumbnail","hentry"],"acf":[],"yoast_head":"<!-- This site is optimized with the Yoast SEO plugin v26.4 - https:\/\/yoast.com\/wordpress\/plugins\/seo\/ -->\n<title>O Livro<\/title>\n<meta name=\"description\" content=\"A presen\u00e7a das brasileiras no esporte se d\u00e1 concomitante ao in\u00edcio desta pr\u00e1tica em nosso pa\u00eds. Essa afirma\u00e7\u00e3o pode parecer exagerada, mas n\u00e3o \u00e9. As\" \/>\n<meta name=\"robots\" content=\"index, follow, max-snippet:-1, max-image-preview:large, max-video-preview:-1\" \/>\n<link rel=\"canonical\" href=\"https:\/\/mulheresacesta.com.br\/en\/o-livro\/\" \/>\n<meta property=\"og:locale\" content=\"en_US\" \/>\n<meta property=\"og:locale:alternate\" content=\"pt_BR\" \/>\n<meta property=\"og:type\" content=\"article\" \/>\n<meta property=\"og:title\" content=\"O Livro\" \/>\n<meta property=\"og:description\" content=\"A presen\u00e7a das brasileiras no esporte se d\u00e1 concomitante ao in\u00edcio desta pr\u00e1tica em nosso pa\u00eds. Essa afirma\u00e7\u00e3o pode parecer exagerada, mas n\u00e3o \u00e9. As\" \/>\n<meta property=\"og:url\" content=\"https:\/\/mulheresacesta.com.br\/en\/o-livro\/\" \/>\n<meta property=\"og:site_name\" content=\"Mulheres \u00e0 Cesta\" \/>\n<meta property=\"article:modified_time\" content=\"2021-03-30T21:30:06+00:00\" \/>\n<meta property=\"og:image\" content=\"https:\/\/mulheresacesta.com.br\/wp-content\/uploads\/2020\/07\/livro.jpg\" \/>\n\t<meta property=\"og:image:width\" content=\"354\" \/>\n\t<meta property=\"og:image:height\" content=\"375\" \/>\n\t<meta property=\"og:image:type\" content=\"image\/jpeg\" \/>\n<meta name=\"twitter:card\" content=\"summary_large_image\" \/>\n<meta name=\"twitter:label1\" content=\"Est. reading time\" \/>\n\t<meta name=\"twitter:data1\" content=\"4 minutes\" \/>\n<script type=\"application\/ld+json\" class=\"yoast-schema-graph\">{\"@context\":\"https:\/\/schema.org\",\"@graph\":[{\"@type\":\"WebPage\",\"@id\":\"https:\/\/mulheresacesta.com.br\/o-livro\/\",\"url\":\"https:\/\/mulheresacesta.com.br\/o-livro\/\",\"name\":\"O Livro\",\"isPartOf\":{\"@id\":\"https:\/\/mulheresacesta.com.br\/en\/#website\"},\"primaryImageOfPage\":{\"@id\":\"https:\/\/mulheresacesta.com.br\/o-livro\/#primaryimage\"},\"image\":{\"@id\":\"https:\/\/mulheresacesta.com.br\/o-livro\/#primaryimage\"},\"thumbnailUrl\":\"https:\/\/mulheresacesta.com.br\/wp-content\/uploads\/2020\/07\/livro.jpg\",\"datePublished\":\"2020-07-17T12:52:11+00:00\",\"dateModified\":\"2021-03-30T21:30:06+00:00\",\"description\":\"A presen\u00e7a das brasileiras no esporte se d\u00e1 concomitante ao in\u00edcio desta pr\u00e1tica em nosso pa\u00eds. Essa afirma\u00e7\u00e3o pode parecer exagerada, mas n\u00e3o \u00e9. As\",\"breadcrumb\":{\"@id\":\"https:\/\/mulheresacesta.com.br\/o-livro\/#breadcrumb\"},\"inLanguage\":\"en-US\",\"potentialAction\":[{\"@type\":\"ReadAction\",\"target\":[\"https:\/\/mulheresacesta.com.br\/o-livro\/\"]}]},{\"@type\":\"ImageObject\",\"inLanguage\":\"en-US\",\"@id\":\"https:\/\/mulheresacesta.com.br\/o-livro\/#primaryimage\",\"url\":\"https:\/\/mulheresacesta.com.br\/wp-content\/uploads\/2020\/07\/livro.jpg\",\"contentUrl\":\"https:\/\/mulheresacesta.com.br\/wp-content\/uploads\/2020\/07\/livro.jpg\",\"width\":354,\"height\":375},{\"@type\":\"BreadcrumbList\",\"@id\":\"https:\/\/mulheresacesta.com.br\/o-livro\/#breadcrumb\",\"itemListElement\":[{\"@type\":\"ListItem\",\"position\":1,\"name\":\"In\u00edcio\",\"item\":\"https:\/\/mulheresacesta.com.br\/\"},{\"@type\":\"ListItem\",\"position\":2,\"name\":\"O Livro\"}]},{\"@type\":\"WebSite\",\"@id\":\"https:\/\/mulheresacesta.com.br\/en\/#website\",\"url\":\"https:\/\/mulheresacesta.com.br\/en\/\",\"name\":\"Mulheres \u00e0 Cesta\",\"description\":\"\",\"publisher\":{\"@id\":\"https:\/\/mulheresacesta.com.br\/en\/#organization\"},\"potentialAction\":[{\"@type\":\"SearchAction\",\"target\":{\"@type\":\"EntryPoint\",\"urlTemplate\":\"https:\/\/mulheresacesta.com.br\/en\/?s={search_term_string}\"},\"query-input\":{\"@type\":\"PropertyValueSpecification\",\"valueRequired\":true,\"valueName\":\"search_term_string\"}}],\"inLanguage\":\"en-US\"},{\"@type\":\"Organization\",\"@id\":\"https:\/\/mulheresacesta.com.br\/en\/#organization\",\"name\":\"Mulheres \u00e0 Cesta\",\"url\":\"https:\/\/mulheresacesta.com.br\/en\/\",\"logo\":{\"@type\":\"ImageObject\",\"inLanguage\":\"en-US\",\"@id\":\"https:\/\/mulheresacesta.com.br\/en\/#\/schema\/logo\/image\/\",\"url\":\"https:\/\/mulheresacesta.com.br\/wp-content\/uploads\/2020\/10\/mulheres-a-cesta.jpg\",\"contentUrl\":\"https:\/\/mulheresacesta.com.br\/wp-content\/uploads\/2020\/10\/mulheres-a-cesta.jpg\",\"width\":400,\"height\":300,\"caption\":\"Mulheres \u00e0 Cesta\"},\"image\":{\"@id\":\"https:\/\/mulheresacesta.com.br\/en\/#\/schema\/logo\/image\/\"}}]}<\/script>\n<!-- \/ Yoast SEO plugin. -->","yoast_head_json":{"title":"O Livro","description":"A presen\u00e7a das brasileiras no esporte se d\u00e1 concomitante ao in\u00edcio desta pr\u00e1tica em nosso pa\u00eds. Essa afirma\u00e7\u00e3o pode parecer exagerada, mas n\u00e3o \u00e9. As","robots":{"index":"index","follow":"follow","max-snippet":"max-snippet:-1","max-image-preview":"max-image-preview:large","max-video-preview":"max-video-preview:-1"},"canonical":"https:\/\/mulheresacesta.com.br\/en\/o-livro\/","og_locale":"en_US","og_type":"article","og_title":"[:pt]O Livro[:] - Mulheres \u00e0 Cesta","og_description":"A presen\u00e7a das brasileiras no esporte se d\u00e1 concomitante ao in\u00edcio desta pr\u00e1tica em nosso pa\u00eds. Essa afirma\u00e7\u00e3o pode parecer exagerada, mas n\u00e3o \u00e9. As","og_url":"https:\/\/mulheresacesta.com.br\/en\/o-livro\/","og_site_name":"Mulheres \u00e0 Cesta","article_modified_time":"2021-03-30T21:30:06+00:00","og_image":[{"width":354,"height":375,"url":"https:\/\/mulheresacesta.com.br\/wp-content\/uploads\/2020\/07\/livro.jpg","type":"image\/jpeg"}],"twitter_card":"summary_large_image","twitter_misc":{"Est. reading time":"4 minutes"},"schema":{"@context":"https:\/\/schema.org","@graph":[{"@type":"WebPage","@id":"https:\/\/mulheresacesta.com.br\/o-livro\/","url":"https:\/\/mulheresacesta.com.br\/o-livro\/","name":"O Livro","isPartOf":{"@id":"https:\/\/mulheresacesta.com.br\/en\/#website"},"primaryImageOfPage":{"@id":"https:\/\/mulheresacesta.com.br\/o-livro\/#primaryimage"},"image":{"@id":"https:\/\/mulheresacesta.com.br\/o-livro\/#primaryimage"},"thumbnailUrl":"https:\/\/mulheresacesta.com.br\/wp-content\/uploads\/2020\/07\/livro.jpg","datePublished":"2020-07-17T12:52:11+00:00","dateModified":"2021-03-30T21:30:06+00:00","description":"A presen\u00e7a das brasileiras no esporte se d\u00e1 concomitante ao in\u00edcio desta pr\u00e1tica em nosso pa\u00eds. Essa afirma\u00e7\u00e3o pode parecer exagerada, mas n\u00e3o \u00e9. As","breadcrumb":{"@id":"https:\/\/mulheresacesta.com.br\/o-livro\/#breadcrumb"},"inLanguage":"en-US","potentialAction":[{"@type":"ReadAction","target":["https:\/\/mulheresacesta.com.br\/o-livro\/"]}]},{"@type":"ImageObject","inLanguage":"en-US","@id":"https:\/\/mulheresacesta.com.br\/o-livro\/#primaryimage","url":"https:\/\/mulheresacesta.com.br\/wp-content\/uploads\/2020\/07\/livro.jpg","contentUrl":"https:\/\/mulheresacesta.com.br\/wp-content\/uploads\/2020\/07\/livro.jpg","width":354,"height":375},{"@type":"BreadcrumbList","@id":"https:\/\/mulheresacesta.com.br\/o-livro\/#breadcrumb","itemListElement":[{"@type":"ListItem","position":1,"name":"In\u00edcio","item":"https:\/\/mulheresacesta.com.br\/"},{"@type":"ListItem","position":2,"name":"O Livro"}]},{"@type":"WebSite","@id":"https:\/\/mulheresacesta.com.br\/en\/#website","url":"https:\/\/mulheresacesta.com.br\/en\/","name":"Mulheres \u00e0 Cesta","description":"","publisher":{"@id":"https:\/\/mulheresacesta.com.br\/en\/#organization"},"potentialAction":[{"@type":"SearchAction","target":{"@type":"EntryPoint","urlTemplate":"https:\/\/mulheresacesta.com.br\/en\/?s={search_term_string}"},"query-input":{"@type":"PropertyValueSpecification","valueRequired":true,"valueName":"search_term_string"}}],"inLanguage":"en-US"},{"@type":"Organization","@id":"https:\/\/mulheresacesta.com.br\/en\/#organization","name":"Mulheres \u00e0 Cesta","url":"https:\/\/mulheresacesta.com.br\/en\/","logo":{"@type":"ImageObject","inLanguage":"en-US","@id":"https:\/\/mulheresacesta.com.br\/en\/#\/schema\/logo\/image\/","url":"https:\/\/mulheresacesta.com.br\/wp-content\/uploads\/2020\/10\/mulheres-a-cesta.jpg","contentUrl":"https:\/\/mulheresacesta.com.br\/wp-content\/uploads\/2020\/10\/mulheres-a-cesta.jpg","width":400,"height":300,"caption":"Mulheres \u00e0 Cesta"},"image":{"@id":"https:\/\/mulheresacesta.com.br\/en\/#\/schema\/logo\/image\/"}}]}},"_links":{"self":[{"href":"https:\/\/mulheresacesta.com.br\/en\/wp-json\/wp\/v2\/pages\/13","targetHints":{"allow":["GET"]}}],"collection":[{"href":"https:\/\/mulheresacesta.com.br\/en\/wp-json\/wp\/v2\/pages"}],"about":[{"href":"https:\/\/mulheresacesta.com.br\/en\/wp-json\/wp\/v2\/types\/page"}],"author":[{"embeddable":true,"href":"https:\/\/mulheresacesta.com.br\/en\/wp-json\/wp\/v2\/users\/1"}],"replies":[{"embeddable":true,"href":"https:\/\/mulheresacesta.com.br\/en\/wp-json\/wp\/v2\/comments?post=13"}],"version-history":[{"count":53,"href":"https:\/\/mulheresacesta.com.br\/en\/wp-json\/wp\/v2\/pages\/13\/revisions"}],"predecessor-version":[{"id":1725,"href":"https:\/\/mulheresacesta.com.br\/en\/wp-json\/wp\/v2\/pages\/13\/revisions\/1725"}],"wp:featuredmedia":[{"embeddable":true,"href":"https:\/\/mulheresacesta.com.br\/en\/wp-json\/wp\/v2\/media\/123"}],"wp:attachment":[{"href":"https:\/\/mulheresacesta.com.br\/en\/wp-json\/wp\/v2\/media?parent=13"}],"curies":[{"name":"wp","href":"https:\/\/api.w.org\/{rel}","templated":true}]}}