{"id":15,"date":"2020-07-17T09:54:28","date_gmt":"2020-07-17T12:54:28","guid":{"rendered":"http:\/\/mulheresacesta.com.br\/?page_id=15"},"modified":"2021-01-28T13:22:33","modified_gmt":"2021-01-28T16:22:33","slug":"documentario","status":"publish","type":"page","link":"https:\/\/mulheresacesta.com.br\/en\/documentario\/","title":{"rendered":"Document\u00e1rio"},"content":{"rendered":"\n<p>O document\u00e1rio \u201cMulheres \u00e0 Cesta\u201d \u00e9 a realiza\u00e7\u00e3o de um projeto que nasceu de uma conversa com Silvia Spolidoro, em 2015, quando sonhamos com a transforma\u00e7\u00e3o, em audiovisual, do livro <em>MULHERES A CESTA: hist\u00f3ria do basquetebol feminino no Brasil -1892\/1971<\/em>, publicado em 2009.<\/p>\n\n\n\n<p>A convite de Silvia, Helen Suque integrou nosso time em 2016 e foi a pessoa chave para nos ajudar a destrinchar or\u00e7amento, pessoal, loca\u00e7\u00e3o de filmagem, agenda e outros, al\u00e9m, obviamente, de assinar roteiro e dire\u00e7\u00e3o com Silvia Spolidoro.<\/p>\n\n\n\n<p>Nossa equipe ao longo do processo foi agregando outros sonhadores e tivemos a certeza de que, quando se sonha s\u00f3, \u00e9 s\u00f3 um sonho, mas, quando se sonha junto, tudo se torna realidade.<\/p>\n\n\n\n<p>\u201cMulheres \u00e0 Cesta\u201d \u00e9 um document\u00e1rio sens\u00edvel que d\u00e1 voz a hist\u00f3rias de mulheres excepcionais, que deram visibilidade ao basquetebol feminino nas d\u00e9cadas de 60 e 70 e que se tornaram respons\u00e1veis pela inclus\u00e3o dessa modalidade esportiva nos jogos ol\u00edmpicos, deixando um legado para as atletas que herdaram essa conquista e que, tamb\u00e9m, fizeram desse conhecimento a oportunidade de trazerem medalhas ol\u00edmpicas, coroando os esfor\u00e7os das gera\u00e7\u00f5es anteriores.<\/p>\n\n\n\n<p>Temos, ainda, a participa\u00e7\u00e3o de outros personagens que contribuem, diariamente, para a visibilidade do esporte feminino, em constante luta para promover a divulga\u00e7\u00e3o dessa modalidade esportiva que, at\u00e9 o presente, ocupam apenas 4% das not\u00edcias esportivas.<\/p>\n\n\n\n<p>O objetivo maior desse document\u00e1rio \u00e9 inspirar a gera\u00e7\u00e3o atual de atletas do basquetebol feminino e as futuras, para que suas jornadas tamb\u00e9m sejam lembradas. Por \u00faltimo e mais importante, para que possamos reconhecer essas mulheres como celebridades de um feito que cobrou esfor\u00e7o, dedica\u00e7\u00e3o e amor.<\/p>\n\n\n\n<p><\/p>\n\n\n\n<p><\/p>\n\n\n\n<p><\/p>\n\n\n\n<p><\/p>\n\n\n\n<p><\/p>\n\n\n\n<p><\/p>\n\n\n\n<p><\/p>\n\n\n\n<p><\/p>\n\n\n\n<p><\/p>\n\n\n\n<p><\/p>\n\n\n\n<p><\/p>\n\n\n\n<p><\/p>\n\n\n\n<p><\/p>\n\n\n\n<p><\/p>\n\n\n\n<p><\/p>\n\n\n\n<p><\/p>\n\n\n\n<p><\/p>\n\n\n\n<h2 class=\"wp-block-heading\"><\/h2>\n\n\n\n<p><\/p>\n","protected":false},"excerpt":{"rendered":"<p>O document\u00e1rio \u201cMulheres \u00e0 Cesta\u201d \u00e9 a realiza\u00e7\u00e3o de um projeto que nasceu de uma conversa com Silvia Spolidoro, em 2015, quando sonhamos com a transforma\u00e7\u00e3o, em audiovisual, do livro MULHERES A CESTA: hist\u00f3ria do basquetebol feminino no Brasil -1892\/1971, publicado em 2009. A convite de Silvia, Helen Suque integrou nosso time em 2016 e [&hellip;]<\/p>\n","protected":false},"author":1,"featured_media":219,"parent":0,"menu_order":4,"comment_status":"closed","ping_status":"closed","template":"","meta":{"footnotes":""},"class_list":["post-15","page","type-page","status-publish","has-post-thumbnail","hentry"],"acf":[],"yoast_head":"<!-- This site is optimized with the Yoast SEO plugin v26.4 - https:\/\/yoast.com\/wordpress\/plugins\/seo\/ -->\n<title>Document\u00e1rio - Mulheres \u00e0 Cesta<\/title>\n<meta name=\"description\" content=\"O document\u00e1rio \u201cMulheres \u00e0 Cesta\u201d \u00e9 a realiza\u00e7\u00e3o de um projeto que nasceu de uma conversa com Silvia Spolidoro, em 2015, quando sonhamos com a\" \/>\n<meta name=\"robots\" content=\"index, follow, max-snippet:-1, max-image-preview:large, max-video-preview:-1\" \/>\n<link rel=\"canonical\" href=\"https:\/\/mulheresacesta.com.br\/en\/documentario\/\" \/>\n<meta property=\"og:locale\" content=\"en_US\" \/>\n<meta property=\"og:locale:alternate\" content=\"pt_BR\" \/>\n<meta property=\"og:type\" content=\"article\" \/>\n<meta property=\"og:title\" content=\"Document\u00e1rio - Mulheres \u00e0 Cesta\" \/>\n<meta property=\"og:description\" content=\"O document\u00e1rio \u201cMulheres \u00e0 Cesta\u201d \u00e9 a realiza\u00e7\u00e3o de um projeto que nasceu de uma conversa com Silvia Spolidoro, em 2015, quando sonhamos com a\" \/>\n<meta property=\"og:url\" content=\"https:\/\/mulheresacesta.com.br\/en\/documentario\/\" \/>\n<meta property=\"og:site_name\" content=\"Mulheres \u00e0 Cesta\" \/>\n<meta property=\"article:modified_time\" content=\"2021-01-28T16:22:33+00:00\" \/>\n<meta property=\"og:image\" content=\"https:\/\/mulheresacesta.com.br\/wp-content\/uploads\/2020\/08\/template-mc-1.jpg\" \/>\n\t<meta property=\"og:image:width\" content=\"1080\" \/>\n\t<meta property=\"og:image:height\" content=\"1080\" \/>\n\t<meta property=\"og:image:type\" content=\"image\/jpeg\" \/>\n<meta name=\"twitter:card\" content=\"summary_large_image\" \/>\n<meta name=\"twitter:label1\" content=\"Est. reading time\" \/>\n\t<meta name=\"twitter:data1\" content=\"1 minute\" \/>\n<script type=\"application\/ld+json\" class=\"yoast-schema-graph\">{\"@context\":\"https:\/\/schema.org\",\"@graph\":[{\"@type\":\"WebPage\",\"@id\":\"https:\/\/mulheresacesta.com.br\/documentario\/\",\"url\":\"https:\/\/mulheresacesta.com.br\/documentario\/\",\"name\":\"Document\u00e1rio - Mulheres \u00e0 Cesta\",\"isPartOf\":{\"@id\":\"https:\/\/mulheresacesta.com.br\/en\/#website\"},\"primaryImageOfPage\":{\"@id\":\"https:\/\/mulheresacesta.com.br\/documentario\/#primaryimage\"},\"image\":{\"@id\":\"https:\/\/mulheresacesta.com.br\/documentario\/#primaryimage\"},\"thumbnailUrl\":\"https:\/\/mulheresacesta.com.br\/wp-content\/uploads\/2020\/08\/template-mc-1.jpg\",\"datePublished\":\"2020-07-17T12:54:28+00:00\",\"dateModified\":\"2021-01-28T16:22:33+00:00\",\"description\":\"O document\u00e1rio \u201cMulheres \u00e0 Cesta\u201d \u00e9 a realiza\u00e7\u00e3o de um projeto que nasceu de uma conversa com Silvia Spolidoro, em 2015, quando sonhamos com a\",\"breadcrumb\":{\"@id\":\"https:\/\/mulheresacesta.com.br\/documentario\/#breadcrumb\"},\"inLanguage\":\"en-US\",\"potentialAction\":[{\"@type\":\"ReadAction\",\"target\":[\"https:\/\/mulheresacesta.com.br\/documentario\/\"]}]},{\"@type\":\"ImageObject\",\"inLanguage\":\"en-US\",\"@id\":\"https:\/\/mulheresacesta.com.br\/documentario\/#primaryimage\",\"url\":\"https:\/\/mulheresacesta.com.br\/wp-content\/uploads\/2020\/08\/template-mc-1.jpg\",\"contentUrl\":\"https:\/\/mulheresacesta.com.br\/wp-content\/uploads\/2020\/08\/template-mc-1.jpg\",\"width\":1080,\"height\":1080},{\"@type\":\"BreadcrumbList\",\"@id\":\"https:\/\/mulheresacesta.com.br\/documentario\/#breadcrumb\",\"itemListElement\":[{\"@type\":\"ListItem\",\"position\":1,\"name\":\"In\u00edcio\",\"item\":\"https:\/\/mulheresacesta.com.br\/\"},{\"@type\":\"ListItem\",\"position\":2,\"name\":\"Document\u00e1rio\"}]},{\"@type\":\"WebSite\",\"@id\":\"https:\/\/mulheresacesta.com.br\/en\/#website\",\"url\":\"https:\/\/mulheresacesta.com.br\/en\/\",\"name\":\"Mulheres \u00e0 Cesta\",\"description\":\"\",\"publisher\":{\"@id\":\"https:\/\/mulheresacesta.com.br\/en\/#organization\"},\"potentialAction\":[{\"@type\":\"SearchAction\",\"target\":{\"@type\":\"EntryPoint\",\"urlTemplate\":\"https:\/\/mulheresacesta.com.br\/en\/?s={search_term_string}\"},\"query-input\":{\"@type\":\"PropertyValueSpecification\",\"valueRequired\":true,\"valueName\":\"search_term_string\"}}],\"inLanguage\":\"en-US\"},{\"@type\":\"Organization\",\"@id\":\"https:\/\/mulheresacesta.com.br\/en\/#organization\",\"name\":\"Mulheres \u00e0 Cesta\",\"url\":\"https:\/\/mulheresacesta.com.br\/en\/\",\"logo\":{\"@type\":\"ImageObject\",\"inLanguage\":\"en-US\",\"@id\":\"https:\/\/mulheresacesta.com.br\/en\/#\/schema\/logo\/image\/\",\"url\":\"https:\/\/mulheresacesta.com.br\/wp-content\/uploads\/2020\/10\/mulheres-a-cesta.jpg\",\"contentUrl\":\"https:\/\/mulheresacesta.com.br\/wp-content\/uploads\/2020\/10\/mulheres-a-cesta.jpg\",\"width\":400,\"height\":300,\"caption\":\"Mulheres \u00e0 Cesta\"},\"image\":{\"@id\":\"https:\/\/mulheresacesta.com.br\/en\/#\/schema\/logo\/image\/\"}}]}<\/script>\n<!-- \/ Yoast SEO plugin. -->","yoast_head_json":{"title":"Document\u00e1rio - Mulheres \u00e0 Cesta","description":"O document\u00e1rio \u201cMulheres \u00e0 Cesta\u201d \u00e9 a realiza\u00e7\u00e3o de um projeto que nasceu de uma conversa com Silvia Spolidoro, em 2015, quando sonhamos com a","robots":{"index":"index","follow":"follow","max-snippet":"max-snippet:-1","max-image-preview":"max-image-preview:large","max-video-preview":"max-video-preview:-1"},"canonical":"https:\/\/mulheresacesta.com.br\/en\/documentario\/","og_locale":"en_US","og_type":"article","og_title":"Document\u00e1rio - Mulheres \u00e0 Cesta","og_description":"O document\u00e1rio \u201cMulheres \u00e0 Cesta\u201d \u00e9 a realiza\u00e7\u00e3o de um projeto que nasceu de uma conversa com Silvia Spolidoro, em 2015, quando sonhamos com a","og_url":"https:\/\/mulheresacesta.com.br\/en\/documentario\/","og_site_name":"Mulheres \u00e0 Cesta","article_modified_time":"2021-01-28T16:22:33+00:00","og_image":[{"width":1080,"height":1080,"url":"https:\/\/mulheresacesta.com.br\/wp-content\/uploads\/2020\/08\/template-mc-1.jpg","type":"image\/jpeg"}],"twitter_card":"summary_large_image","twitter_misc":{"Est. reading time":"1 minute"},"schema":{"@context":"https:\/\/schema.org","@graph":[{"@type":"WebPage","@id":"https:\/\/mulheresacesta.com.br\/documentario\/","url":"https:\/\/mulheresacesta.com.br\/documentario\/","name":"Document\u00e1rio - Mulheres \u00e0 Cesta","isPartOf":{"@id":"https:\/\/mulheresacesta.com.br\/en\/#website"},"primaryImageOfPage":{"@id":"https:\/\/mulheresacesta.com.br\/documentario\/#primaryimage"},"image":{"@id":"https:\/\/mulheresacesta.com.br\/documentario\/#primaryimage"},"thumbnailUrl":"https:\/\/mulheresacesta.com.br\/wp-content\/uploads\/2020\/08\/template-mc-1.jpg","datePublished":"2020-07-17T12:54:28+00:00","dateModified":"2021-01-28T16:22:33+00:00","description":"O document\u00e1rio \u201cMulheres \u00e0 Cesta\u201d \u00e9 a realiza\u00e7\u00e3o de um projeto que nasceu de uma conversa com Silvia Spolidoro, em 2015, quando sonhamos com a","breadcrumb":{"@id":"https:\/\/mulheresacesta.com.br\/documentario\/#breadcrumb"},"inLanguage":"en-US","potentialAction":[{"@type":"ReadAction","target":["https:\/\/mulheresacesta.com.br\/documentario\/"]}]},{"@type":"ImageObject","inLanguage":"en-US","@id":"https:\/\/mulheresacesta.com.br\/documentario\/#primaryimage","url":"https:\/\/mulheresacesta.com.br\/wp-content\/uploads\/2020\/08\/template-mc-1.jpg","contentUrl":"https:\/\/mulheresacesta.com.br\/wp-content\/uploads\/2020\/08\/template-mc-1.jpg","width":1080,"height":1080},{"@type":"BreadcrumbList","@id":"https:\/\/mulheresacesta.com.br\/documentario\/#breadcrumb","itemListElement":[{"@type":"ListItem","position":1,"name":"In\u00edcio","item":"https:\/\/mulheresacesta.com.br\/"},{"@type":"ListItem","position":2,"name":"Document\u00e1rio"}]},{"@type":"WebSite","@id":"https:\/\/mulheresacesta.com.br\/en\/#website","url":"https:\/\/mulheresacesta.com.br\/en\/","name":"Mulheres \u00e0 Cesta","description":"","publisher":{"@id":"https:\/\/mulheresacesta.com.br\/en\/#organization"},"potentialAction":[{"@type":"SearchAction","target":{"@type":"EntryPoint","urlTemplate":"https:\/\/mulheresacesta.com.br\/en\/?s={search_term_string}"},"query-input":{"@type":"PropertyValueSpecification","valueRequired":true,"valueName":"search_term_string"}}],"inLanguage":"en-US"},{"@type":"Organization","@id":"https:\/\/mulheresacesta.com.br\/en\/#organization","name":"Mulheres \u00e0 Cesta","url":"https:\/\/mulheresacesta.com.br\/en\/","logo":{"@type":"ImageObject","inLanguage":"en-US","@id":"https:\/\/mulheresacesta.com.br\/en\/#\/schema\/logo\/image\/","url":"https:\/\/mulheresacesta.com.br\/wp-content\/uploads\/2020\/10\/mulheres-a-cesta.jpg","contentUrl":"https:\/\/mulheresacesta.com.br\/wp-content\/uploads\/2020\/10\/mulheres-a-cesta.jpg","width":400,"height":300,"caption":"Mulheres \u00e0 Cesta"},"image":{"@id":"https:\/\/mulheresacesta.com.br\/en\/#\/schema\/logo\/image\/"}}]}},"_links":{"self":[{"href":"https:\/\/mulheresacesta.com.br\/en\/wp-json\/wp\/v2\/pages\/15","targetHints":{"allow":["GET"]}}],"collection":[{"href":"https:\/\/mulheresacesta.com.br\/en\/wp-json\/wp\/v2\/pages"}],"about":[{"href":"https:\/\/mulheresacesta.com.br\/en\/wp-json\/wp\/v2\/types\/page"}],"author":[{"embeddable":true,"href":"https:\/\/mulheresacesta.com.br\/en\/wp-json\/wp\/v2\/users\/1"}],"replies":[{"embeddable":true,"href":"https:\/\/mulheresacesta.com.br\/en\/wp-json\/wp\/v2\/comments?post=15"}],"version-history":[{"count":44,"href":"https:\/\/mulheresacesta.com.br\/en\/wp-json\/wp\/v2\/pages\/15\/revisions"}],"predecessor-version":[{"id":935,"href":"https:\/\/mulheresacesta.com.br\/en\/wp-json\/wp\/v2\/pages\/15\/revisions\/935"}],"wp:featuredmedia":[{"embeddable":true,"href":"https:\/\/mulheresacesta.com.br\/en\/wp-json\/wp\/v2\/media\/219"}],"wp:attachment":[{"href":"https:\/\/mulheresacesta.com.br\/en\/wp-json\/wp\/v2\/media?parent=15"}],"curies":[{"name":"wp","href":"https:\/\/api.w.org\/{rel}","templated":true}]}}