{"id":3023,"date":"2022-03-17T11:57:20","date_gmt":"2022-03-17T14:57:20","guid":{"rendered":"https:\/\/mulheresacesta.com.br\/?page_id=3023"},"modified":"2025-05-08T11:46:50","modified_gmt":"2025-05-08T14:46:50","slug":"home-novo","status":"publish","type":"page","link":"https:\/\/mulheresacesta.com.br\/en\/home-novo\/","title":{"rendered":"Home"},"content":{"rendered":"\n<p>Mulheres a Cesta \u00e9 um projeto digital com o objetivo de disponibilizar online, ferramentas para a cont\u00ednua constru\u00e7\u00e3o da hist\u00f3ria do basquetebol feminino no Brasil.<\/p>\n","protected":false},"excerpt":{"rendered":"<p>Mulheres a Cesta \u00e9 um projeto digital com o objetivo de disponibilizar online, ferramentas para a cont\u00ednua constru\u00e7\u00e3o da hist\u00f3ria do basquetebol feminino no Brasil.<\/p>\n","protected":false},"author":1,"featured_media":0,"parent":0,"menu_order":0,"comment_status":"closed","ping_status":"closed","template":"template-home.php","meta":{"footnotes":""},"class_list":["post-3023","page","type-page","status-publish","hentry"],"acf":[],"yoast_head":"<!-- This site is optimized with the Yoast SEO plugin v26.4 - https:\/\/yoast.com\/wordpress\/plugins\/seo\/ -->\n<title>Home<\/title>\n<meta name=\"description\" content=\"Mulheres a Cesta \u00e9 um projeto digital com o objetivo de disponibilizar online, ferramentas para a cont\u00ednua constru\u00e7\u00e3o da hist\u00f3ria do basquetebol feminino\" \/>\n<meta name=\"robots\" content=\"index, follow, max-snippet:-1, max-image-preview:large, max-video-preview:-1\" \/>\n<link rel=\"canonical\" href=\"https:\/\/mulheresacesta.com.br\/en\/home-novo\/\" \/>\n<meta property=\"og:locale\" content=\"en_US\" \/>\n<meta property=\"og:locale:alternate\" content=\"pt_BR\" \/>\n<meta property=\"og:type\" content=\"article\" \/>\n<meta property=\"og:title\" content=\"Home\" \/>\n<meta property=\"og:description\" content=\"Mulheres a Cesta \u00e9 um projeto digital com o objetivo de disponibilizar online, ferramentas para a cont\u00ednua constru\u00e7\u00e3o da hist\u00f3ria do basquetebol feminino\" \/>\n<meta property=\"og:url\" content=\"https:\/\/mulheresacesta.com.br\/en\/home-novo\/\" \/>\n<meta property=\"og:site_name\" content=\"Mulheres \u00e0 Cesta\" \/>\n<meta property=\"article:modified_time\" content=\"2025-05-08T14:46:50+00:00\" \/>\n<meta name=\"twitter:card\" content=\"summary_large_image\" \/>\n<script type=\"application\/ld+json\" class=\"yoast-schema-graph\">{\"@context\":\"https:\/\/schema.org\",\"@graph\":[{\"@type\":\"WebPage\",\"@id\":\"https:\/\/mulheresacesta.com.br\/home-novo\/\",\"url\":\"https:\/\/mulheresacesta.com.br\/home-novo\/\",\"name\":\"Home\",\"isPartOf\":{\"@id\":\"https:\/\/mulheresacesta.com.br\/en\/#website\"},\"datePublished\":\"2022-03-17T14:57:20+00:00\",\"dateModified\":\"2025-05-08T14:46:50+00:00\",\"description\":\"Mulheres a Cesta \u00e9 um projeto digital com o objetivo de disponibilizar online, ferramentas para a cont\u00ednua constru\u00e7\u00e3o da hist\u00f3ria do basquetebol feminino\",\"breadcrumb\":{\"@id\":\"https:\/\/mulheresacesta.com.br\/home-novo\/#breadcrumb\"},\"inLanguage\":\"en-US\",\"potentialAction\":[{\"@type\":\"ReadAction\",\"target\":[\"https:\/\/mulheresacesta.com.br\/home-novo\/\"]}]},{\"@type\":\"BreadcrumbList\",\"@id\":\"https:\/\/mulheresacesta.com.br\/home-novo\/#breadcrumb\",\"itemListElement\":[{\"@type\":\"ListItem\",\"position\":1,\"name\":\"In\u00edcio\",\"item\":\"https:\/\/mulheresacesta.com.br\/\"},{\"@type\":\"ListItem\",\"position\":2,\"name\":\"Home\"}]},{\"@type\":\"WebSite\",\"@id\":\"https:\/\/mulheresacesta.com.br\/en\/#website\",\"url\":\"https:\/\/mulheresacesta.com.br\/en\/\",\"name\":\"Mulheres \u00e0 Cesta\",\"description\":\"\",\"publisher\":{\"@id\":\"https:\/\/mulheresacesta.com.br\/en\/#organization\"},\"potentialAction\":[{\"@type\":\"SearchAction\",\"target\":{\"@type\":\"EntryPoint\",\"urlTemplate\":\"https:\/\/mulheresacesta.com.br\/en\/?s={search_term_string}\"},\"query-input\":{\"@type\":\"PropertyValueSpecification\",\"valueRequired\":true,\"valueName\":\"search_term_string\"}}],\"inLanguage\":\"en-US\"},{\"@type\":\"Organization\",\"@id\":\"https:\/\/mulheresacesta.com.br\/en\/#organization\",\"name\":\"Mulheres \u00e0 Cesta\",\"url\":\"https:\/\/mulheresacesta.com.br\/en\/\",\"logo\":{\"@type\":\"ImageObject\",\"inLanguage\":\"en-US\",\"@id\":\"https:\/\/mulheresacesta.com.br\/en\/#\/schema\/logo\/image\/\",\"url\":\"https:\/\/mulheresacesta.com.br\/wp-content\/uploads\/2020\/10\/mulheres-a-cesta.jpg\",\"contentUrl\":\"https:\/\/mulheresacesta.com.br\/wp-content\/uploads\/2020\/10\/mulheres-a-cesta.jpg\",\"width\":400,\"height\":300,\"caption\":\"Mulheres \u00e0 Cesta\"},\"image\":{\"@id\":\"https:\/\/mulheresacesta.com.br\/en\/#\/schema\/logo\/image\/\"}}]}<\/script>\n<!-- \/ Yoast SEO plugin. -->","yoast_head_json":{"title":"Home","description":"Mulheres a Cesta \u00e9 um projeto digital com o objetivo de disponibilizar online, ferramentas para a cont\u00ednua constru\u00e7\u00e3o da hist\u00f3ria do basquetebol feminino","robots":{"index":"index","follow":"follow","max-snippet":"max-snippet:-1","max-image-preview":"max-image-preview:large","max-video-preview":"max-video-preview:-1"},"canonical":"https:\/\/mulheresacesta.com.br\/en\/home-novo\/","og_locale":"en_US","og_type":"article","og_title":"[:pt]Home[:] - Mulheres \u00e0 Cesta","og_description":"Mulheres a Cesta \u00e9 um projeto digital com o objetivo de disponibilizar online, ferramentas para a cont\u00ednua constru\u00e7\u00e3o da hist\u00f3ria do basquetebol feminino","og_url":"https:\/\/mulheresacesta.com.br\/en\/home-novo\/","og_site_name":"Mulheres \u00e0 Cesta","article_modified_time":"2025-05-08T14:46:50+00:00","twitter_card":"summary_large_image","schema":{"@context":"https:\/\/schema.org","@graph":[{"@type":"WebPage","@id":"https:\/\/mulheresacesta.com.br\/home-novo\/","url":"https:\/\/mulheresacesta.com.br\/home-novo\/","name":"Home","isPartOf":{"@id":"https:\/\/mulheresacesta.com.br\/en\/#website"},"datePublished":"2022-03-17T14:57:20+00:00","dateModified":"2025-05-08T14:46:50+00:00","description":"Mulheres a Cesta \u00e9 um projeto digital com o objetivo de disponibilizar online, ferramentas para a cont\u00ednua constru\u00e7\u00e3o da hist\u00f3ria do basquetebol feminino","breadcrumb":{"@id":"https:\/\/mulheresacesta.com.br\/home-novo\/#breadcrumb"},"inLanguage":"en-US","potentialAction":[{"@type":"ReadAction","target":["https:\/\/mulheresacesta.com.br\/home-novo\/"]}]},{"@type":"BreadcrumbList","@id":"https:\/\/mulheresacesta.com.br\/home-novo\/#breadcrumb","itemListElement":[{"@type":"ListItem","position":1,"name":"In\u00edcio","item":"https:\/\/mulheresacesta.com.br\/"},{"@type":"ListItem","position":2,"name":"Home"}]},{"@type":"WebSite","@id":"https:\/\/mulheresacesta.com.br\/en\/#website","url":"https:\/\/mulheresacesta.com.br\/en\/","name":"Mulheres \u00e0 Cesta","description":"","publisher":{"@id":"https:\/\/mulheresacesta.com.br\/en\/#organization"},"potentialAction":[{"@type":"SearchAction","target":{"@type":"EntryPoint","urlTemplate":"https:\/\/mulheresacesta.com.br\/en\/?s={search_term_string}"},"query-input":{"@type":"PropertyValueSpecification","valueRequired":true,"valueName":"search_term_string"}}],"inLanguage":"en-US"},{"@type":"Organization","@id":"https:\/\/mulheresacesta.com.br\/en\/#organization","name":"Mulheres \u00e0 Cesta","url":"https:\/\/mulheresacesta.com.br\/en\/","logo":{"@type":"ImageObject","inLanguage":"en-US","@id":"https:\/\/mulheresacesta.com.br\/en\/#\/schema\/logo\/image\/","url":"https:\/\/mulheresacesta.com.br\/wp-content\/uploads\/2020\/10\/mulheres-a-cesta.jpg","contentUrl":"https:\/\/mulheresacesta.com.br\/wp-content\/uploads\/2020\/10\/mulheres-a-cesta.jpg","width":400,"height":300,"caption":"Mulheres \u00e0 Cesta"},"image":{"@id":"https:\/\/mulheresacesta.com.br\/en\/#\/schema\/logo\/image\/"}}]}},"_links":{"self":[{"href":"https:\/\/mulheresacesta.com.br\/en\/wp-json\/wp\/v2\/pages\/3023","targetHints":{"allow":["GET"]}}],"collection":[{"href":"https:\/\/mulheresacesta.com.br\/en\/wp-json\/wp\/v2\/pages"}],"about":[{"href":"https:\/\/mulheresacesta.com.br\/en\/wp-json\/wp\/v2\/types\/page"}],"author":[{"embeddable":true,"href":"https:\/\/mulheresacesta.com.br\/en\/wp-json\/wp\/v2\/users\/1"}],"replies":[{"embeddable":true,"href":"https:\/\/mulheresacesta.com.br\/en\/wp-json\/wp\/v2\/comments?post=3023"}],"version-history":[{"count":54,"href":"https:\/\/mulheresacesta.com.br\/en\/wp-json\/wp\/v2\/pages\/3023\/revisions"}],"predecessor-version":[{"id":6544,"href":"https:\/\/mulheresacesta.com.br\/en\/wp-json\/wp\/v2\/pages\/3023\/revisions\/6544"}],"wp:attachment":[{"href":"https:\/\/mulheresacesta.com.br\/en\/wp-json\/wp\/v2\/media?parent=3023"}],"curies":[{"name":"wp","href":"https:\/\/api.w.org\/{rel}","templated":true}]}}