{"id":3025,"date":"2022-03-17T11:57:47","date_gmt":"2022-03-17T14:57:47","guid":{"rendered":"https:\/\/mulheresacesta.com.br\/?page_id=3025"},"modified":"2022-03-23T11:38:37","modified_gmt":"2022-03-23T14:38:37","slug":"meninas-a-cesta","status":"publish","type":"page","link":"https:\/\/mulheresacesta.com.br\/en\/meninas-a-cesta\/","title":{"rendered":"Meninas \u00e0 Cesta"},"content":{"rendered":"\n<p>Organizada pelo Movimento Mulheres a Cesta, Promovemos o basquetebol de qualidade entre meninas de 12 a 15 anos.<\/p>\n\n\n\n<p>Esse \u00e9 o objetivo da Cl\u00ednica de Basquetebol Feminino Juvenil Meninas \u00e0 Cesta.<\/p>\n","protected":false},"excerpt":{"rendered":"<p>Organizada pelo Movimento Mulheres a Cesta, Promovemos o basquetebol de qualidade entre meninas de 12 a 15 anos. Esse \u00e9 o objetivo da Cl\u00ednica de Basquetebol Feminino Juvenil Meninas \u00e0 Cesta.<\/p>\n","protected":false},"author":1,"featured_media":0,"parent":0,"menu_order":0,"comment_status":"closed","ping_status":"closed","template":"","meta":{"footnotes":""},"class_list":["post-3025","page","type-page","status-publish","hentry"],"acf":[],"yoast_head":"<!-- This site is optimized with the Yoast SEO plugin v26.4 - https:\/\/yoast.com\/wordpress\/plugins\/seo\/ -->\n<title>Meninas \u00e0 Cesta<\/title>\n<meta name=\"description\" content=\"Organizada pelo Movimento Mulheres a Cesta, Promovemos o basquetebol de qualidade entre meninas de 12 a 15 anos. Esse \u00e9 o objetivo da Cl\u00ednica de\" \/>\n<meta name=\"robots\" content=\"index, follow, max-snippet:-1, max-image-preview:large, max-video-preview:-1\" \/>\n<link rel=\"canonical\" href=\"https:\/\/mulheresacesta.com.br\/en\/meninas-a-cesta\/\" \/>\n<meta property=\"og:locale\" content=\"en_US\" \/>\n<meta property=\"og:locale:alternate\" content=\"pt_BR\" \/>\n<meta property=\"og:type\" content=\"article\" \/>\n<meta property=\"og:title\" content=\"Meninas \u00e0 Cesta\" \/>\n<meta property=\"og:description\" content=\"Organizada pelo Movimento Mulheres a Cesta, Promovemos o basquetebol de qualidade entre meninas de 12 a 15 anos. Esse \u00e9 o objetivo da Cl\u00ednica de\" \/>\n<meta property=\"og:url\" content=\"https:\/\/mulheresacesta.com.br\/en\/meninas-a-cesta\/\" \/>\n<meta property=\"og:site_name\" content=\"Mulheres \u00e0 Cesta\" \/>\n<meta property=\"article:modified_time\" content=\"2022-03-23T14:38:37+00:00\" \/>\n<meta name=\"twitter:card\" content=\"summary_large_image\" \/>\n<script type=\"application\/ld+json\" class=\"yoast-schema-graph\">{\"@context\":\"https:\/\/schema.org\",\"@graph\":[{\"@type\":\"WebPage\",\"@id\":\"https:\/\/mulheresacesta.com.br\/meninas-a-cesta\/\",\"url\":\"https:\/\/mulheresacesta.com.br\/meninas-a-cesta\/\",\"name\":\"Meninas \u00e0 Cesta\",\"isPartOf\":{\"@id\":\"https:\/\/mulheresacesta.com.br\/en\/#website\"},\"datePublished\":\"2022-03-17T14:57:47+00:00\",\"dateModified\":\"2022-03-23T14:38:37+00:00\",\"description\":\"Organizada pelo Movimento Mulheres a Cesta, Promovemos o basquetebol de qualidade entre meninas de 12 a 15 anos. Esse \u00e9 o objetivo da Cl\u00ednica de\",\"breadcrumb\":{\"@id\":\"https:\/\/mulheresacesta.com.br\/meninas-a-cesta\/#breadcrumb\"},\"inLanguage\":\"en-US\",\"potentialAction\":[{\"@type\":\"ReadAction\",\"target\":[\"https:\/\/mulheresacesta.com.br\/meninas-a-cesta\/\"]}]},{\"@type\":\"BreadcrumbList\",\"@id\":\"https:\/\/mulheresacesta.com.br\/meninas-a-cesta\/#breadcrumb\",\"itemListElement\":[{\"@type\":\"ListItem\",\"position\":1,\"name\":\"In\u00edcio\",\"item\":\"https:\/\/mulheresacesta.com.br\/\"},{\"@type\":\"ListItem\",\"position\":2,\"name\":\"Meninas \u00e0 Cesta\"}]},{\"@type\":\"WebSite\",\"@id\":\"https:\/\/mulheresacesta.com.br\/en\/#website\",\"url\":\"https:\/\/mulheresacesta.com.br\/en\/\",\"name\":\"Mulheres \u00e0 Cesta\",\"description\":\"\",\"publisher\":{\"@id\":\"https:\/\/mulheresacesta.com.br\/en\/#organization\"},\"potentialAction\":[{\"@type\":\"SearchAction\",\"target\":{\"@type\":\"EntryPoint\",\"urlTemplate\":\"https:\/\/mulheresacesta.com.br\/en\/?s={search_term_string}\"},\"query-input\":{\"@type\":\"PropertyValueSpecification\",\"valueRequired\":true,\"valueName\":\"search_term_string\"}}],\"inLanguage\":\"en-US\"},{\"@type\":\"Organization\",\"@id\":\"https:\/\/mulheresacesta.com.br\/en\/#organization\",\"name\":\"Mulheres \u00e0 Cesta\",\"url\":\"https:\/\/mulheresacesta.com.br\/en\/\",\"logo\":{\"@type\":\"ImageObject\",\"inLanguage\":\"en-US\",\"@id\":\"https:\/\/mulheresacesta.com.br\/en\/#\/schema\/logo\/image\/\",\"url\":\"https:\/\/mulheresacesta.com.br\/wp-content\/uploads\/2020\/10\/mulheres-a-cesta.jpg\",\"contentUrl\":\"https:\/\/mulheresacesta.com.br\/wp-content\/uploads\/2020\/10\/mulheres-a-cesta.jpg\",\"width\":400,\"height\":300,\"caption\":\"Mulheres \u00e0 Cesta\"},\"image\":{\"@id\":\"https:\/\/mulheresacesta.com.br\/en\/#\/schema\/logo\/image\/\"}}]}<\/script>\n<!-- \/ Yoast SEO plugin. -->","yoast_head_json":{"title":"Meninas \u00e0 Cesta","description":"Organizada pelo Movimento Mulheres a Cesta, Promovemos o basquetebol de qualidade entre meninas de 12 a 15 anos. Esse \u00e9 o objetivo da Cl\u00ednica de","robots":{"index":"index","follow":"follow","max-snippet":"max-snippet:-1","max-image-preview":"max-image-preview:large","max-video-preview":"max-video-preview:-1"},"canonical":"https:\/\/mulheresacesta.com.br\/en\/meninas-a-cesta\/","og_locale":"en_US","og_type":"article","og_title":"[:pt]Meninas \u00e0 Cesta[:] - Mulheres \u00e0 Cesta","og_description":"Organizada pelo Movimento Mulheres a Cesta, Promovemos o basquetebol de qualidade entre meninas de 12 a 15 anos. Esse \u00e9 o objetivo da Cl\u00ednica de","og_url":"https:\/\/mulheresacesta.com.br\/en\/meninas-a-cesta\/","og_site_name":"Mulheres \u00e0 Cesta","article_modified_time":"2022-03-23T14:38:37+00:00","twitter_card":"summary_large_image","schema":{"@context":"https:\/\/schema.org","@graph":[{"@type":"WebPage","@id":"https:\/\/mulheresacesta.com.br\/meninas-a-cesta\/","url":"https:\/\/mulheresacesta.com.br\/meninas-a-cesta\/","name":"Meninas \u00e0 Cesta","isPartOf":{"@id":"https:\/\/mulheresacesta.com.br\/en\/#website"},"datePublished":"2022-03-17T14:57:47+00:00","dateModified":"2022-03-23T14:38:37+00:00","description":"Organizada pelo Movimento Mulheres a Cesta, Promovemos o basquetebol de qualidade entre meninas de 12 a 15 anos. Esse \u00e9 o objetivo da Cl\u00ednica de","breadcrumb":{"@id":"https:\/\/mulheresacesta.com.br\/meninas-a-cesta\/#breadcrumb"},"inLanguage":"en-US","potentialAction":[{"@type":"ReadAction","target":["https:\/\/mulheresacesta.com.br\/meninas-a-cesta\/"]}]},{"@type":"BreadcrumbList","@id":"https:\/\/mulheresacesta.com.br\/meninas-a-cesta\/#breadcrumb","itemListElement":[{"@type":"ListItem","position":1,"name":"In\u00edcio","item":"https:\/\/mulheresacesta.com.br\/"},{"@type":"ListItem","position":2,"name":"Meninas \u00e0 Cesta"}]},{"@type":"WebSite","@id":"https:\/\/mulheresacesta.com.br\/en\/#website","url":"https:\/\/mulheresacesta.com.br\/en\/","name":"Mulheres \u00e0 Cesta","description":"","publisher":{"@id":"https:\/\/mulheresacesta.com.br\/en\/#organization"},"potentialAction":[{"@type":"SearchAction","target":{"@type":"EntryPoint","urlTemplate":"https:\/\/mulheresacesta.com.br\/en\/?s={search_term_string}"},"query-input":{"@type":"PropertyValueSpecification","valueRequired":true,"valueName":"search_term_string"}}],"inLanguage":"en-US"},{"@type":"Organization","@id":"https:\/\/mulheresacesta.com.br\/en\/#organization","name":"Mulheres \u00e0 Cesta","url":"https:\/\/mulheresacesta.com.br\/en\/","logo":{"@type":"ImageObject","inLanguage":"en-US","@id":"https:\/\/mulheresacesta.com.br\/en\/#\/schema\/logo\/image\/","url":"https:\/\/mulheresacesta.com.br\/wp-content\/uploads\/2020\/10\/mulheres-a-cesta.jpg","contentUrl":"https:\/\/mulheresacesta.com.br\/wp-content\/uploads\/2020\/10\/mulheres-a-cesta.jpg","width":400,"height":300,"caption":"Mulheres \u00e0 Cesta"},"image":{"@id":"https:\/\/mulheresacesta.com.br\/en\/#\/schema\/logo\/image\/"}}]}},"_links":{"self":[{"href":"https:\/\/mulheresacesta.com.br\/en\/wp-json\/wp\/v2\/pages\/3025","targetHints":{"allow":["GET"]}}],"collection":[{"href":"https:\/\/mulheresacesta.com.br\/en\/wp-json\/wp\/v2\/pages"}],"about":[{"href":"https:\/\/mulheresacesta.com.br\/en\/wp-json\/wp\/v2\/types\/page"}],"author":[{"embeddable":true,"href":"https:\/\/mulheresacesta.com.br\/en\/wp-json\/wp\/v2\/users\/1"}],"replies":[{"embeddable":true,"href":"https:\/\/mulheresacesta.com.br\/en\/wp-json\/wp\/v2\/comments?post=3025"}],"version-history":[{"count":7,"href":"https:\/\/mulheresacesta.com.br\/en\/wp-json\/wp\/v2\/pages\/3025\/revisions"}],"predecessor-version":[{"id":3107,"href":"https:\/\/mulheresacesta.com.br\/en\/wp-json\/wp\/v2\/pages\/3025\/revisions\/3107"}],"wp:attachment":[{"href":"https:\/\/mulheresacesta.com.br\/en\/wp-json\/wp\/v2\/media?parent=3025"}],"curies":[{"name":"wp","href":"https:\/\/api.w.org\/{rel}","templated":true}]}}